{"id":746,"date":"2014-09-10T22:18:59","date_gmt":"2014-09-10T20:18:59","guid":{"rendered":"http:\/\/tibetanmedicalinstitute.com\/?page_id=746"},"modified":"2014-09-11T08:59:03","modified_gmt":"2014-09-11T06:59:03","slug":"budda-medycyny","status":"publish","type":"page","link":"https:\/\/tibetanmedicalinstitute.com\/pl\/budda-medycyny\/","title":{"rendered":"Budda Medycyny"},"content":{"rendered":"<div class=\"row-fluid\">\n\t<div class=\"wpb_content_element span12 wpb_text_column pb-margin-bottom\">\n\t\t<div class=\"wpb_wrapper clearfix\">\n\t\t\t\n<h3 style=\"text-align: justify;\">Znaczenie Buddy Medycyny w tradycyjnym tybeta\u0144skim systemie medycznym<\/h3>\n<p>&nbsp;<\/p>\n<p style=\"text-align: justify;\">Ludzie prowadz\u0105 dzi\u015b bardzo zabiegane \u017cycie. Nie s\u0105 w stanie zako\u0144czy\u0107 wszystkich przedsi\u0119wzi\u0119\u0107 w ci\u0105gu jednego dnia, gdy\u017c ka\u017cdy wype\u0142niony jest wyzwaniami: zobowi\u0105zaniami, spotkaniami, prac\u0105, problemami finansowymi, tarciami w rodzinie i problemami z nauk\u0105. Taki styl \u017cycia przynosi zmartwienia, gniew, napi\u0119cie, stres i bezsenno\u015b\u0107. Wiele z tych problem\u00f3w wynika tak\u017ce z niew\u0142a\u015bciwej diety, z\u0142ego post\u0119powania, niesprzyjaj\u0105cych warunk\u00f3w \u015brodowiska, stresu, szkodliwych emocji i l\u0119ku.<\/p>\n<p style=\"text-align: justify;\"><img loading=\"lazy\" decoding=\"async\" class=\"aligncenter size-full wp-image-294\" src=\"http:\/\/tibetanmedicalinstitute.com\/wp-content\/uploads\/2014\/06\/medicine_buddhaweb.jpg\" alt=\"medicine_buddhaweb\" width=\"400\" height=\"407\" srcset=\"https:\/\/tibetanmedicalinstitute.com\/wp-content\/uploads\/2014\/06\/medicine_buddhaweb.jpg 400w, https:\/\/tibetanmedicalinstitute.com\/wp-content\/uploads\/2014\/06\/medicine_buddhaweb-294x300.jpg 294w\" sizes=\"auto, (max-width: 400px) 100vw, 400px\" \/><\/p>\n<p style=\"text-align: justify;\">Niezale\u017cnie od naszego poziomu wykszta\u0142cenia, statusu spo\u0142eczno-ekonomicznego, wyznawanej wiary, wieku czy przynale\u017cno\u015bci etnicznej, zawsze naszym g\u0142\u00f3wnym problemem jest utrzymanie fizycznego zdrowia i r\u00f3wnowagi emocjonalnej. Fizyczne i psychiczne problemy zdrowotne wp\u0142ywaj\u0105 na nasze \u017cycie prywatne i zawodowe, i cz\u0119sto niemo\u017cliwe jest ich ukrycie. Wszyscy si\u0119 czego\u015b boj\u0105: biedy, staro\u015bci, choroby, cierpienia, przeszk\u00f3d, \u015bmierci, destrukcyjnych emocji, takich jak l\u0119k, napi\u0119cie, nerwowo\u015b\u0107, niepok\u00f3j, gniew, przywi\u0105zanie, ot\u0119pienie. Cierpimy tak\u017ce z powodu l\u0119ku przed utrat\u0105 pozycji, wp\u0142yw\u00f3w, maj\u0105tku, pi\u0119kna, s\u0142awy, rodziny, przyjaci\u00f3\u0142, pracy i innych rzeczy, do kt\u00f3rych si\u0119 przywi\u0105zali\u015bmy. W \u015bwiecie, w kt\u00f3rym \u017cyjemy, nic nie jest zagwarantowane i dlatego naszemu \u017cyciu brakuje trwa\u0142ego pokoju, harmonii, zdrowia i wolno\u015bci od l\u0119ku. Wszystko we wszech\u015bwiecie jest wsp\u00f3\u0142zale\u017cne i takie s\u0105 r\u00f3wnie\u017c wszystkie te problemy, kt\u00f3re mog\u0105 uruchomi\u0107 b\u0142\u0119dne ko\u0142o. A wi\u0119c, aby uwolni\u0107 si\u0119 od tych problem\u00f3w, potrzebne jest nam wsparcie. W Tybecie tego typu wsparcie mo\u017cna otrzyma\u0107 od <strong>Buddy Medycyny, najwy\u017cszego Kr\u00f3la tradycyjnego tybeta\u0144skiego systemu medycznego<\/strong>, kt\u00f3ry obieca\u0142 po\u015bwi\u0119ci\u0107 si\u0119 wszystkim, kt\u00f3rzy s\u0105 chorzy, fizycznie lub psychicznie, niezale\u017cnie od tego kim s\u0105. Jego b\u0142ogos\u0142awie\u0144stwo, wsp\u00f3\u0142czucie, \u017cyczliwo\u015b\u0107 i moc leczenia mog\u0105 pom\u00f3c nam osi\u0105gn\u0105\u0107 cele i ustrzec nas przed zaburzeniami fizycznymi i psychicznymi, aby\u015bmy mogli prze\u017cy\u0107 szcz\u0119\u015bliwe, zdrowe i pe\u0142ne znaczenia \u017cycie.<\/p>\n<p style=\"text-align: justify;\">Nawet ci, kt\u00f3rzy ciesz\u0105 si\u0119 dorbym zdrowiem i pragn\u0105 jedynie zapobiec jego pogorszeniu si\u0119, mog\u0105 skorzysta\u0107 z daru nauk i praktyki Buddy Medycyny. Mo\u017cemy cieszy\u0107 si\u0119 tym darem i pozwoli\u0107 jego b\u0142ogos\u0142awie\u0144stwu, by wp\u0142yn\u0119\u0142o na \u017cycie nasze i innych. Niezale\u017cnie od tego czy jeste\u015bmy buddystami czy te\u017c nie, czy jeste\u015bmy wierz\u0105cy, czy nie, wszystkim nam zale\u017cy na zdrowiu i stanie umys\u0142u. Chcieliby\u015bmy by\u0107 wolni od chor\u00f3b i zaburze\u0144 emocjonalnych. Dlatego w\u0142a\u015bnie poszukujemy dobrej energii i skutecznych rozwi\u0105za\u0144 naszych problem\u00f3w. Czy nasze problemy s\u0105 powa\u017cne czy niewielkie, przewlek\u0142e czy ostre, wszyscy mo\u017cemy odwo\u0142a\u0107 si\u0119 do Buddy Medycyny; otrzymanie od niego pomocy jest mo\u017cliwe i jest dost\u0119pne dla ka\u017cdego, niezale\u017cnie od wyznawanej wiary. Istnieje wiele technik medytacyjnych Buddy Medycyny, a tak\u017ce odosobnie\u0144 i ofiarowania, z kt\u00f3rych mo\u017cna skorzysta\u0107 dla oczyszczenia cia\u0142a i umys\u0142u, polepszenia naszej kondycji, na\u0142adowania pozytywn\u0105 energi\u0105, rozlu\u017anienia przy stresie emocjonalnym i wsparcia naszego zdrowia oraz og\u00f3lnej kondycji. Na przyk\u0142ad, posiadaj\u0105c czyst\u0105 motywacj\u0119 i wsp\u00f3\u0142czucie mo\u017cemy robi\u0107 proste ofiarowania owoc\u00f3w, kwiat\u00f3w, \u015bwiec, kadzid\u0142a i czystej wody. Mo\u017cemy s\u0142ucha\u0107 nauk Buddy Medycyny, modlitw i \u015bpiew\u00f3w mantry, aby uspokoi\u0107 si\u0119 i odpr\u0119\u017cy\u0107 umys\u0142. Mo\u017cemy zawsze si\u0119 do niego modli\u0107 i prosi\u0107 o b\u0142ogos\u0142awie\u0144stwo i ochron\u0119, aby nasze \u017cycie sta\u0142o si\u0119 \u0142atwiejsze, szcz\u0119\u015bliwsze i bardziej po\u017cyteczne. Ponadto mo\u017cemy te\u017c wysy\u0142a\u0107 niewielkie datki pieni\u0119\u017cne dla dowolnego tybeta\u0144skiego klasztoru buddyjskiego z pro\u015bb\u0105 o modlitw\u0119.<\/p>\n<p style=\"text-align: justify;\">Ofiary modlitewne dla Buddy Medycyny to jedne z najwa\u017cniejszych comiesi\u0119cznych tybeta\u0144skich uroczysto\u015bci modlitewnych. Ko\u0144cz\u0105 si\u0119 one \u00f3smego dnia ka\u017cdego tybeta\u0144skiego miesi\u0105ca, a ich intencj\u0105 jest wyzwolenie wszystkich czuj\u0105cych istot od cierpienia i choroby oraz od destrukcji \u015brodowiska. Lekarze i wszyscy ludzie, kt\u00f3rzy pragn\u0105 zachowa\u0107 dobre zdrowie, powinni wzi\u0105\u0107 pod uwag\u0119 zar\u00f3wno czynnik fizyczny, jak i psychiczny, zapewni\u0107 sobie pe\u0142n\u0105 r\u00f3wnowag\u0119, z dala od negatywnych wp\u0142yw\u00f3w, takich jak l\u0119k, napi\u0119cie, stres, gniew, przywi\u0105zanie, iluzje, samotno\u015b\u0107 i samob\u00f3jstwa.<\/p>\n<h3 style=\"text-align: justify;\"><\/h3>\n<p>&nbsp;<\/p>\n<h3 style=\"text-align: justify;\">Staro\u017cytna m\u0105dro\u015b\u0107 leczenia i Budda Medycyny<\/h3>\n<p style=\"text-align: justify;\">Tradycyjny system medycyny tybeta\u0144skiej ze sw\u0105 wiedz\u0105 i praktyk\u0105 duchow\u0105 nauczany by\u0142 tylko w tybeta\u0144skich klasztorach buddyjskich oraz klasztorach medycznych i praktykowany by\u0142 przez mistrz\u00f3w, uczonych, wysoce wykwalifikowanych mnich\u00f3w, mniszki i osoby \u015bwieckie, kt\u00f3re studiowa\u0142y nauki Buddy Medycyny, staro\u017cytn\u0105 m\u0105dro\u015b\u0107 leczenia i techniki przywracaj\u0105ce zdrowie. Lekarze tybeta\u0144scy i Tybeta\u0144czycy maj\u0105 g\u0142\u0119boki zwi\u0105zek z Budd\u0105 Medycyny \u2013 Kr\u00f3lem Medycyny. Dlatego w\u0142a\u015bnie sk\u0142adaj\u0105 ofiary z r\u00f3\u017cnego rodzaju drogocennych ro\u015blin leczniczych i cennych minera\u0142\u00f3w. Ponadto praktykuj\u0105 wizualizacje, recytacj\u0119 mantr, g\u0142od\u00f3wki i anga\u017cuj\u0105 si\u0119 w inne praktyki duchowe, aby przenie\u015b\u0107 swoje energie na wy\u017cszy poziom. To daje im moc pomagania chorym i leczenia pacjent\u00f3w. Tradycyjny tybeta\u0144ski system medyczny \u0142\u0105czy w sobie kompletn\u0105 wiedz\u0119 o schorzeniach, diagnozie i r\u00f3\u017cnych sposobach wspierania zdrowia za pomoc\u0105 tybeta\u0144skich zio\u0142owych suplement\u00f3w diety. Tym niemniej, podkre\u015bla si\u0119 zawsze, \u017ce wsp\u00f3\u0142czucie i moralne post\u0119powanie s\u0105 najwa\u017cniejszymi podstawowymi warunkami dobrego zdrowia, zw\u0142aszcza tam, gdzie mamy do czynienia z problemami chronicznymi i zaburzeniami emocjonalnymi.<\/p>\n<p style=\"text-align: justify;\">Kraje Azji \u015arodkowej zawsze nazywa\u0142y Tybet \u201eKrain\u0105 leczniczych zi\u00f3\u0142\u201d. Opowiadano legendy o <em>Szambali<\/em> czy te\u017c \u201emistycznej krainie\u201d, miejscu, gdzie praktyki duchowe i bezcenne zio\u0142a mog\u0142y znacznie przed\u0142u\u017cy\u0107 \u017cycie. G\u0142\u00f3wnym celem ca\u0142ej ludzko\u015bci jest \u201eca\u0142kowite uwolnienie si\u0119 od cierpienia.\u201d Jest to prawda i cel ten stanowi przedmiot poszukiwa\u0144, zar\u00f3wno w sferze materialnej, jak i duchowej. Konwencjonalne podej\u015bcie medycyny oraz innowacyjna technologia nie mog\u0105 rozwi\u0105za\u0107 wszystkich problem\u00f3w zdrowotnych. Dlatego w\u0142a\u015bnie zwr\u00f3cenie si\u0119 o wsparcie duchowe mo\u017ce by\u0107 bardzo pomocne. Je\u015bli nie mamy duchowego przewodnictwa, mo\u017cemy utraci\u0107 najcenniejsze w\u0142a\u015bciwo\u015bci \u017cycia, takie jak \u017cyczliwo\u015b\u0107, wsp\u00f3\u0142czucie, przebaczenie, szacunek, uczciwo\u015b\u0107 i wewn\u0119trzn\u0105 si\u0142\u0119. Wszystkie one, je\u015bli niezniszczone, czyni\u0105 \u017cycie \u0142atwiejszym, rado\u015bniejszym i bardziej pozytywnym. Aby te cele osi\u0105gn\u0105\u0107, wa\u017cne jest, by prosi\u0107 Budd\u0119 Medycyny o b\u0142ogos\u0142awie\u0144stwo, wsparcie i pozytywn\u0105 energi\u0119, dla ochrony naszego zdrowia i stanu umys\u0142u.<\/p>\n\n\t\t<\/div> \n\t<\/div> <\/div> <div class=\"blank_spacer\" style=\"height:30px;\"><\/div>\n\n","protected":false},"excerpt":{"rendered":"","protected":false},"author":1,"featured_media":0,"parent":0,"menu_order":0,"comment_status":"open","ping_status":"open","template":"","meta":{"footnotes":""},"class_list":["post-746","page","type-page","status-publish","hentry"],"aioseo_notices":[],"_links":{"self":[{"href":"https:\/\/tibetanmedicalinstitute.com\/pl\/wp-json\/wp\/v2\/pages\/746","targetHints":{"allow":["GET"]}}],"collection":[{"href":"https:\/\/tibetanmedicalinstitute.com\/pl\/wp-json\/wp\/v2\/pages"}],"about":[{"href":"https:\/\/tibetanmedicalinstitute.com\/pl\/wp-json\/wp\/v2\/types\/page"}],"author":[{"embeddable":true,"href":"https:\/\/tibetanmedicalinstitute.com\/pl\/wp-json\/wp\/v2\/users\/1"}],"replies":[{"embeddable":true,"href":"https:\/\/tibetanmedicalinstitute.com\/pl\/wp-json\/wp\/v2\/comments?post=746"}],"version-history":[{"count":0,"href":"https:\/\/tibetanmedicalinstitute.com\/pl\/wp-json\/wp\/v2\/pages\/746\/revisions"}],"wp:attachment":[{"href":"https:\/\/tibetanmedicalinstitute.com\/pl\/wp-json\/wp\/v2\/media?parent=746"}],"curies":[{"name":"wp","href":"https:\/\/api.w.org\/{rel}","templated":true}]}}