{"id":741,"date":"2014-09-10T22:16:57","date_gmt":"2014-09-10T20:16:57","guid":{"rendered":"http:\/\/tibetanmedicalinstitute.com\/?page_id=741"},"modified":"2014-09-10T22:16:57","modified_gmt":"2014-09-10T20:16:57","slug":"media-2","status":"publish","type":"page","link":"https:\/\/tibetanmedicalinstitute.com\/pl\/media-2\/","title":{"rendered":"Media"},"content":{"rendered":"<div class=\"blank_spacer\" style=\"height:30px;\"><\/div>\n <div class=\"row-fluid\">\n\t<div class=\"wpb_content_element span12 wpb_text_column pb-margin-bottom pb-border-bottom\">\n\t\t<div class=\"wpb_wrapper clearfix\">\n\t\t\t\n<h3>Press articles<\/h3>\n\n\t\t<\/div> \n\t<\/div> <\/div> <div class=\"row-fluid\">\n\t<div class=\"wpb_content_element span12 wpb_text_column\">\n\t\t<div class=\"wpb_wrapper clearfix\">\n\t\t\t\n<ol>\n<li><a title=\"Dr Ven. Tenzin Jangchub w TVZdrowie.pl\" href=\"http:\/\/www.tvzdrowie.pl\/ekspert.html?id=20\" target=\"_blank\">Tradycyjna Tybeta\u0144ska Klinika Zio\u0142olecznictwa<\/a> w TVZdrowie.pl<\/li>\n<li><a href=\"http:\/\/dalailama.com\/news\/post\/357-hh-the-dalai-lama-arrives-in-warsaw-for-his-fourth-visit-to-poland\" target=\"_blank\">HH the Dalai Lama Arrives In Warsaw for His Fourth Visit to Poland<\/a>\u00a0&#8211; artyku\u0142 w www.dalailama.com<\/li>\n<li><a href=\"http:\/\/www.rozwijalnia.pl\/tybetanski_sposob_na_zdrowie\" target=\"_blank\">Jak uwolni\u0107 si\u0119 od problem\u00f3w zdrowotnych i zaburze\u0144 emocjonalnych? <\/a>&#8211; wyk\u0142ad dr Tenzina Jangchuba z Tybetu<\/li>\n<li><a href=\"http:\/\/www.tvn24.pl\/wiadomosci-z-kraju,3\/byly-ochroniarz-dalajlamy-jest-polakiem,44853.html\" target=\"_blank\">By\u0142y ochroniarz Dalajlamy jest Polakiem<\/a>\u00a0&#8211; artyku\u0142 w www.TVN24.pl<\/li>\n<li><a href=\"http:\/\/www.nowiny24.pl\/apps\/pbcs.dll\/article?AID=\/20061031\/ZDROWIE\/61030006\" target=\"_blank\">Dieta i tw\u00f3j charakter decyduj\u0105 o zdrowiu<\/a>\u00a0&#8211; artyku\u0142 w www.nowiny24.pl<\/li>\n<li><a href=\"http:\/\/www.tenzin_jangchub.republika.pl\" target=\"_blank\">Strona domowa dr Ven Tenzina Jangchuba<\/a><\/li>\n<li><a href=\"http:\/\/www.zw.com.pl\/artykul\/418310.html\" target=\"_blank\">Mi\u0119dzy hochsztaplerstwem a medycyn\u0105<\/a>\u00a0&#8211; artyku\u0142 w www.zyciewarszawy.pl<\/li>\n<li><a href=\"http:\/\/www.wellbiznes.com\/medycyna-tybetanska\/mental-doctor-ven-tenzin-jangchub\/\" target=\"_blank\">Tybeta\u0144ska Medycyna Zio\u0142olecznicza widziana przez pryzmat do\u015bwiadcze\u0144 Dr Ven. Tenzin Jangchub`a<\/a>\u00a0&#8211; artyku\u0142 w www.wellbiznes.pl<\/li>\n<li><a href=\"http:\/\/www.zw.com.pl\/artykul\/382615.html\" target=\"_blank\">Tybeta\u0144czyk z Matk\u0105 Bosk\u0105 w portfelu<\/a>\u00a0&#8211; artyku\u0142 w\u00a0www.zyciewarszawy.pl<\/li>\n<li><a href=\"http:\/\/www.rynekzdrowia.pl\/Prawo\/Medycyna-tybetanska-czyli-jak-prezes-Radziwill-wpadl-miedzy-mlot-a-kowadlo,9345,2.html\" target=\"_blank\">Medycyna tybeta\u0144ska, czyli jak prezes Radziwi\u0142\u0142 wpad\u0142 mi\u0119dzy m\u0142ot a kowad\u0142o<\/a>\u00a0&#8211; artyku\u0142 w www.rynekzdrowia.pl<\/li>\n<li><a href=\"http:\/\/www.phayul.com\/news\/article.aspx?id=19253&amp;t=1\" target=\"_blank\">Tibetan Representative welcomed by Polish Parliament Speaker and MPs<\/a>\u00a0&#8211; artku\u0142 w www.phayul.com<\/li>\n<li><a href=\"http:\/\/www2.polskieradio.pl\/eo\/print.aspx?iid=73218\" target=\"_blank\">A doctor from Tibet receives Polish citizenship<\/a>\u00a0&#8211; artyku\u0142 w www.polskieradio.pl<\/li>\n<li><a href=\"http:\/\/tibet.net\/2009\/07\/29\/his-holiness-receives-university-of-warsaw-medal-for-promoting-peace-and-ethics\/\" target=\"_blank\">His Holiness receives University of Warsaw Medal for Promoting Peace and Ethics<\/a>\u00a0&#8211; artyku\u0142 w www.tibet.net<\/li>\n<li><a href=\"http:\/\/tibet.net\/2009\/07\/28\/his-holiness-the-dalai-lama-arrives-in-poland\/\" target=\"_blank\">His Holiness the Dalai Lama arrives in Poland<\/a>\u00a0&#8211;\u00a0artyku\u0142 w www.tibet.net<\/li>\n<li><a href=\"http:\/\/www.mazowieckie.pl\/pl\/aktualnosci\/aktualnosci\/4954,Nowi-obywatele-Rzeczypospolitej.html\" target=\"_blank\">Nowi obywatele Rzeczypospolitej<\/a>\u00a0&#8211;\u00a0artyku\u0142 w www.mazowiecki.pl<\/li>\n<li><a href=\"http:\/\/zeenews.india.com\/news\/himachal-pradesh\/dalai-lama-offers-tibetan-medicine-to-havel-vaclav_746684.html\" target=\"_blank\">Dalai Lama offers Tibetan medicine to Havel Vaclav<\/a>\u00a0&#8211;\u00a0artyku\u0142 w www.zeenews.india.com<\/li>\n<\/ol>\n\n\t\t<\/div> \n\t<\/div> <\/div> <div class=\"blank_spacer\" style=\"height:30px;\"><\/div>\n <div class=\"row-fluid\">\n\t<div class=\"wpb_content_element span12 wpb_text_column pb-margin-bottom pb-border-bottom\">\n\t\t<div class=\"wpb_wrapper clearfix\">\n\t\t\t\n<h3>Documentaries, lectures &amp; interviews<\/h3>\n\n\t\t<\/div> \n\t<\/div> <\/div> <div class=\"row-fluid\">\n\t<div class=\"wpb_video_widget wpb_content_element span8\">\n\t\t<div class=\"wpb_wrapper\">\n\t\t\t<h3 class=\"wpb_heading wpb_video_heading\">Medycyna tybeta\u0144ska-Medycyna Niekonwencjonalna TVP Info<\/h3><iframe loading=\"lazy\" width=\"500\" height=\"375\" src=\"https:\/\/www.youtube.com\/embed\/W4DCV4C5Io4?feature=oembed\" frameborder=\"0\" allowfullscreen><\/iframe>\n\t\t<\/div> \n\t<\/div> <\/div> <div class=\"row-fluid\">\n\t<div class=\"wpb_video_widget wpb_content_element span8\">\n\t\t<div class=\"wpb_wrapper\">\n\t\t\t<h3 class=\"wpb_heading wpb_video_heading\">Medycyna tybeta\u0144ska Dr Tenzin Jangchub i Dalajlama otwarcie Kliniki Medycyny Tybeta\u0144skiej<\/h3><iframe loading=\"lazy\" width=\"500\" height=\"375\" src=\"https:\/\/www.youtube.com\/embed\/WHE3hmqlgKs?feature=oembed\" frameborder=\"0\" allowfullscreen><\/iframe>\n\t\t<\/div> \n\t<\/div> <\/div> <div class=\"row-fluid\">\n\t<div class=\"wpb_video_widget wpb_content_element span8\">\n\t\t<div class=\"wpb_wrapper\">\n\t\t\t<h3 class=\"wpb_heading wpb_video_heading\">dr Ven Tenzin jangchub - na czym polega medycyna tybetanska<\/h3><iframe loading=\"lazy\" width=\"500\" height=\"281\" src=\"https:\/\/www.youtube.com\/embed\/q2hxIQhBDyw?feature=oembed\" frameborder=\"0\" allowfullscreen><\/iframe>\n\t\t<\/div> \n\t<\/div> <\/div> <div class=\"row-fluid\">\n\t<div class=\"wpb_video_widget wpb_content_element span8\">\n\t\t<div class=\"wpb_wrapper\">\n\t\t\t<h3 class=\"wpb_heading wpb_video_heading\">Medycyna Tybeta\u0144ska<\/h3><iframe loading=\"lazy\" width=\"500\" height=\"281\" src=\"https:\/\/www.youtube.com\/embed\/Q7MF_P6waao?feature=oembed\" frameborder=\"0\" allowfullscreen><\/iframe>\n\t\t<\/div> \n\t<\/div> <\/div> <div class=\"blank_spacer\" style=\"height:30px;\"><\/div>\n\n","protected":false},"excerpt":{"rendered":"","protected":false},"author":1,"featured_media":0,"parent":0,"menu_order":0,"comment_status":"open","ping_status":"open","template":"","meta":{"footnotes":""},"class_list":["post-741","page","type-page","status-publish","hentry"],"aioseo_notices":[],"_links":{"self":[{"href":"https:\/\/tibetanmedicalinstitute.com\/pl\/wp-json\/wp\/v2\/pages\/741","targetHints":{"allow":["GET"]}}],"collection":[{"href":"https:\/\/tibetanmedicalinstitute.com\/pl\/wp-json\/wp\/v2\/pages"}],"about":[{"href":"https:\/\/tibetanmedicalinstitute.com\/pl\/wp-json\/wp\/v2\/types\/page"}],"author":[{"embeddable":true,"href":"https:\/\/tibetanmedicalinstitute.com\/pl\/wp-json\/wp\/v2\/users\/1"}],"replies":[{"embeddable":true,"href":"https:\/\/tibetanmedicalinstitute.com\/pl\/wp-json\/wp\/v2\/comments?post=741"}],"version-history":[{"count":0,"href":"https:\/\/tibetanmedicalinstitute.com\/pl\/wp-json\/wp\/v2\/pages\/741\/revisions"}],"wp:attachment":[{"href":"https:\/\/tibetanmedicalinstitute.com\/pl\/wp-json\/wp\/v2\/media?parent=741"}],"curies":[{"name":"wp","href":"https:\/\/api.w.org\/{rel}","templated":true}]}}