{"id":739,"date":"2014-09-10T22:16:29","date_gmt":"2014-09-10T20:16:29","guid":{"rendered":"http:\/\/tibetanmedicalinstitute.com\/?page_id=739"},"modified":"2016-05-13T10:57:24","modified_gmt":"2016-05-13T08:57:24","slug":"status-prawny","status":"publish","type":"page","link":"https:\/\/tibetanmedicalinstitute.com\/pl\/status-prawny\/","title":{"rendered":"Status prawny"},"content":{"rendered":"<div class=\"blank_spacer\" style=\"height:30px;\"><\/div>\n <div class=\"row-fluid\">\n\t<div class=\"wpb_content_element span12 wpb_text_column pb-margin-bottom\">\n\t\t<div class=\"wpb_wrapper clearfix\">\n\t\t\t\n<h3 style=\"text-align: justify;\"><strong>Nasz Instytut jest zatwierdzony prawnie<\/strong><\/h3>\n<p style=\"text-align: justify;\">Nasz Instytut ma ju\u017c <strong>dziesi\u0119cioletenie<\/strong> do\u015bwiadczenie, wsparte przez doradc\u00f3w prawnych i asystent\u00f3w. Wype\u0142nili\u015bmy wszystkie procedury zwi\u0105zane z prawnymi wymaganiami za\u0142o\u017cenia i uznania naszego Instytutu.<\/p>\n<p style=\"text-align: justify;\">Nie ma \u017cadnej drogi na skr\u00f3ty. Wszystko musi by\u0107 zgodne z prawem i poczynione we w\u0142a\u015bciwym kierunku w celu za\u0142o\u017cenia firmy. Nasz Instytut uzyska\u0142 wszelkie pozwolenia od polskich w\u0142adz do prowadzenia dzia\u0142alno\u015bci zwi\u0105zanej z tradycyjnym tybeta\u0144skim systemem medycznym.<\/p>\n<p style=\"text-align: justify;\">Wed\u0142ug prawa dzia\u0142amy w nast\u0119puj\u0105cych dziedzinach:<\/p>\n<ol>\n<li style=\"text-align: justify;\">akceptacja i zgoda dla Instytutu Tradycyjnej Medycyny Tybeta\u0144skiej Sp. z o.o.,<\/li>\n<li style=\"text-align: justify;\">us\u0142ugi zdrowotne \u015bwiadczone przez specjalist\u0119 medycyny tybeta\u0144skiej i tradydycjnego zio\u0142olecznictwa oraz<\/li>\n<li style=\"text-align: justify;\">sprzeda\u017c naszych zarejestrowanych tybeta\u0144skich mieszanek \u2013 supelement\u00f3w diety o wysokiej jako\u015bci.<\/li>\n<\/ol>\n<p style=\"text-align: justify;\">Wszystkie oferowane przez Instytut suplementy zosta\u0142y przebadane i dopuszczone przez G\u0142\u00f3wny Inspektorat Sanitarny.<br \/>\nPoni\u017cej znajduje si\u0119 lista suplement\u00f3w w rejestrze Departamentu \u017bywno\u015bci Prozdrowotnej:<br \/>\n<a href=\"http:\/\/rejestrzp.gis.gov.pl\/index.php\/szukaj\/Q2VudHJ1bSBUcmFkeWN5am5laiBUeWJldGHFhHNraWVqIFN6dHVraSBMZWN6ZW5pYSBpIFppb8WCb2xlY3puaWN0d2EgV2Fyc3phd2E\/nazwa.postac.propozycja.jakosc.podmiot.producent.wynik.ssspz.uwagi2\" target=\"_blank\">Lista suplement\u00f3w w wykazie z 2008 roku<\/a><br \/>\n<a href=\"http:\/\/www.rejestrzp.gis.gov.pl\/index.php\/szukaj\/VGFzaGlnYW5nIEhlcmJhbCBDZW50cmUgSW5kaWU\/nazwa.postac.propozycja.jakosc.podmiot.producent.wynik.ssspz.uwagi2\/\" target=\"_blank\">Lista suplement\u00f3w w wykazie z 2009 roku<\/a><\/p>\n<p style=\"text-align: justify;\">\n<p style=\"text-align: justify;\">Nasz Instytut przeznaczony jest do promocji medycyny tybeta\u0144skiej i jej wk\u0142adu jako holistycznego podej\u015bcia do opieki zdrowotnej w oparciu o wysokie standardy us\u0142ug klinicznych w zgodzie ze standardami polskimi i europejskimi.<\/p>\n<p style=\"text-align: justify;\">Jego \u015awi\u0105tobliwo\u015b\u0107 Dalajlama i administracja tybeta\u0144ska wi\u0105\u017c\u0105 du\u017ce nadzieje z Tybeta\u0144skim Instytutem Medycyny i Astrologii z jego g\u0142\u00f3wn\u0105 siedzib\u0105 w Indiach. Na mnie, jako absolwencie tego Instytutu, r\u00f3wnie\u017c ci\u0105\u017cy ta odpowiedzialno\u015b\u0107. Wspomniana wy\u017cej zgoda prawna i wsparcie od Rz\u0105du daje naszemu Instytutowi nowe mo\u017cliwo\u015bci, aby rozwija\u0107 i wzbogaca\u0107 tradycyjny tybeta\u0144ski system medyczny.<\/p>\n<p style=\"text-align: justify;\">Przy wsparciu Tybeta\u0144skiego Instytutu Medycyny i Astrologii i mojego wielkiego nauczyciela, czcigodnego doktora Jesiego Dondena, by\u0142ego osobistego lekarza Jego \u015awi\u0105tobliwo\u015bci Dalajlamy, i z ich b\u0142ogos\u0142awie\u0144stwem zdo\u0142a\u0142em szcz\u0119\u015bliwie wype\u0142ni\u0107 wszystkie etapy konieczne do ustanowienia naszego Instytutu.<\/p>\n<p style=\"text-align: justify;\">Mam wielki zaszczyt i przywilej wsp\u00f3\u0142pracowa\u0107 z wielkim i s\u0142ynnym lekarzem tybeta\u0144skim, doktorem TASHIM YANGPHELEM, kierownikiem Tashigang Herbal Centre w Indiach. Nasza wsp\u00f3\u0142praca to jednocze\u015bnie ponad dwudziestoletnia przyja\u017a\u0144.<\/p>\n<p style=\"text-align: justify;\">28 lipca 2009 roku Jego \u015awi\u0105tobliwo\u015b\u0107 Czternasty Dalajlama \u2013 duchowy przyw\u00f3dca narodu tybeta\u0144skiego, laureat Pokojowej Nagrody Nobla w 1989 roku i z\u0142otego medalu Kongresu Stan\u00f3w Zjednoczonych w 2007 roku \u2013 otworzy\u0142 nasz\u0105 Tradycyjn\u0105 Tybeta\u0144sk\u0105 Klinik\u0119 Zio\u0142olecznictwa dla dobra ludzi w Polsce, w Europie i na ca\u0142ym \u015bwiecie. Bardzo si\u0119 cieszymy, \u017ce metody stosowane w tradycyjnym tybeta\u0144skim systemie medycznym s\u0105 dost\u0119pne teraz w Polsce.<\/p>\n<p style=\"text-align: justify;\"><strong>Jego \u015awi\u0105tobliwo\u015b\u0107 Dalajlama doradza, aby lekarze tybeta\u0144scy zawsze mieli altruistyczne nastawienie i ludzkie podej\u015bcie do bardziej efektywnego leczenia pacjent\u00f3w. <\/strong><\/p>\n<p style=\"text-align: justify;\"><strong>Marzeniem naszego Instytutu jest aby Jego \u015awi\u0105tobliwo\u015b\u0107 Dalajlama \u017cy\u0142 d\u0142ugo, a Polska sta\u0142a si\u0119 wa\u017cnym europejskim krajem.<\/strong><\/p>\n\n\t\t<\/div> \n\t<\/div> <\/div> <div class=\"blank_spacer\" style=\"height:30px;\"><\/div>\n\n","protected":false},"excerpt":{"rendered":"","protected":false},"author":1,"featured_media":0,"parent":0,"menu_order":0,"comment_status":"open","ping_status":"open","template":"","meta":{"footnotes":""},"class_list":["post-739","page","type-page","status-publish","hentry"],"aioseo_notices":[],"_links":{"self":[{"href":"https:\/\/tibetanmedicalinstitute.com\/pl\/wp-json\/wp\/v2\/pages\/739","targetHints":{"allow":["GET"]}}],"collection":[{"href":"https:\/\/tibetanmedicalinstitute.com\/pl\/wp-json\/wp\/v2\/pages"}],"about":[{"href":"https:\/\/tibetanmedicalinstitute.com\/pl\/wp-json\/wp\/v2\/types\/page"}],"author":[{"embeddable":true,"href":"https:\/\/tibetanmedicalinstitute.com\/pl\/wp-json\/wp\/v2\/users\/1"}],"replies":[{"embeddable":true,"href":"https:\/\/tibetanmedicalinstitute.com\/pl\/wp-json\/wp\/v2\/comments?post=739"}],"version-history":[{"count":0,"href":"https:\/\/tibetanmedicalinstitute.com\/pl\/wp-json\/wp\/v2\/pages\/739\/revisions"}],"wp:attachment":[{"href":"https:\/\/tibetanmedicalinstitute.com\/pl\/wp-json\/wp\/v2\/media?parent=739"}],"curies":[{"name":"wp","href":"https:\/\/api.w.org\/{rel}","templated":true}]}}