{"id":737,"date":"2014-09-10T22:16:02","date_gmt":"2014-09-10T20:16:02","guid":{"rendered":"http:\/\/tibetanmedicalinstitute.com\/?page_id=737"},"modified":"2014-09-11T09:03:46","modified_gmt":"2014-09-11T07:03:46","slug":"instytut-i-klinika","status":"publish","type":"page","link":"https:\/\/tibetanmedicalinstitute.com\/pl\/instytut-i-klinika\/","title":{"rendered":"Instytut i klinika"},"content":{"rendered":"<div class=\"blank_spacer\" style=\"height:30px;\"><\/div>\n <div class=\"row-fluid\">\n\t<div class=\"wpb_content_element span12 wpb_text_column pb-margin-bottom\">\n\t\t<div class=\"wpb_wrapper clearfix\">\n\t\t\t\n<p style=\"text-align: justify;\">Jeste\u015bmy niezmiernie szcz\u0119\u015bliwi, \u017ce mo\u017cemy og\u0142osi\u0107, i\u017c 28 lipca 2009 roku Jego \u015awi\u0105tobliwo\u015b\u0107 Czternasty Dalajlama \u2013 duchowy przyw\u00f3dca narodu tybeta\u0144skiego, laureat Pokojowej Nagrody Nobla w 1989 roku i z\u0142otego medalu Kongresu Stan\u00f3w Zjednoczonych w 2007 roku \u2013 otworzy\u0142 nasz\u0105 Tradycyjn\u0105 Tybeta\u0144sk\u0105 Klinik\u0119 Zio\u0142olecznictwa dla dobra ludzi w Polsce, w Europie i na ca\u0142ym \u015bwiecie. Bardzo si\u0119 cieszymy, \u017ce metody stosowane w tradycyjnym tybeta\u0144skim systemie medycznym s\u0105 dost\u0119pne teraz w Polsce. Tradycja buddyzmu tybeta\u0144skiego przynosi nadziej\u0119 na wewn\u0119trzny pok\u00f3j, szczero\u015b\u0107, brak przemocy, wsp\u00f3\u0142czucie i \u017cyczliwo\u015b\u0107. Buddyzm nak\u0142ania nas r\u00f3wnie\u017c do post\u0119powania w spos\u00f3b moralny i pod\u0105\u017cania we w\u0142a\u015bciwym kierunku z determinacj\u0105; je\u015bli nawet nie potrafimy pom\u00f3c innym, powinni\u015bmy przynajmniej powstrzyma\u0107 si\u0119 od szkodzenia im.<\/p>\n<p style=\"text-align: justify;\">Jego \u015awi\u0105tobliwo\u015b\u0107 Dalajlama powiedzia\u0142, \u017ce jest bardzo dumny okre\u015blaj\u0105c buddyzm tybeta\u0144ski i tradycyjny tybeta\u0144ski system medyczny jako czyst\u0105 tradycj\u0119 <strong>Uniwersytetu w Nalandzie<\/strong>, jednego z pierwszych <strong>wielkich uniwersytet\u00f3w buddyjskich<\/strong> w dawnych Indiach. Duch tradycyjnego tybeta\u0144skiego systemu medycznego jest bardzo silny dzi\u0119ki b\u0142ogos\u0142awie\u0144stwu Buddy Medycyny i energii pi\u0119ciu naturalnych element\u00f3w. To holistyczne podej\u015bcie ukazuje nam jak zachowa\u0107 zdrowie i szybko wr\u00f3ci\u0107 do siebie po ka\u017cdej chorobie, dzi\u0119ki naszym naturalnym zdolno\u015bciom, jak zapobiega\u0107 chorobom, wzmocni\u0107 uk\u0142ad odporno\u015bciowy, przynie\u015b\u0107 ulg\u0119 w b\u00f3lu i przed\u0142u\u017cy\u0107 \u017cycie i og\u00f3ln\u0105 dobr\u0105 kondycj\u0119. Aby te cele osi\u0105gn\u0105\u0107, musimy przyjmowa\u0107 w\u0142a\u015bciwe pokarmy i napoje, utrzymywa\u0107 zdrowy styl \u017cycia, dobry sen i \u0107wiczenia. Wed\u0142ug tradycji buddyjskiej, a tak\u017ce powszechnego my\u015blenia wszystkich czuj\u0105cych istot, zdrowie i szcz\u0119\u015bcie s\u0105 podstawowymi prawami ka\u017cdej jednostki. Nasz\u0105 odpowiedzialno\u015bci\u0105 jest promowa\u0107 tradycyjny tybeta\u0144ski system medyczny i korzysta\u0107 z jego potencja\u0142u dla dobra ca\u0142ej ludzko\u015bci.<\/p>\n\n\t\t<\/div> \n\t<\/div> <\/div>\n","protected":false},"excerpt":{"rendered":"","protected":false},"author":1,"featured_media":0,"parent":0,"menu_order":0,"comment_status":"open","ping_status":"open","template":"","meta":{"footnotes":""},"class_list":["post-737","page","type-page","status-publish","hentry"],"aioseo_notices":[],"_links":{"self":[{"href":"https:\/\/tibetanmedicalinstitute.com\/pl\/wp-json\/wp\/v2\/pages\/737","targetHints":{"allow":["GET"]}}],"collection":[{"href":"https:\/\/tibetanmedicalinstitute.com\/pl\/wp-json\/wp\/v2\/pages"}],"about":[{"href":"https:\/\/tibetanmedicalinstitute.com\/pl\/wp-json\/wp\/v2\/types\/page"}],"author":[{"embeddable":true,"href":"https:\/\/tibetanmedicalinstitute.com\/pl\/wp-json\/wp\/v2\/users\/1"}],"replies":[{"embeddable":true,"href":"https:\/\/tibetanmedicalinstitute.com\/pl\/wp-json\/wp\/v2\/comments?post=737"}],"version-history":[{"count":0,"href":"https:\/\/tibetanmedicalinstitute.com\/pl\/wp-json\/wp\/v2\/pages\/737\/revisions"}],"wp:attachment":[{"href":"https:\/\/tibetanmedicalinstitute.com\/pl\/wp-json\/wp\/v2\/media?parent=737"}],"curies":[{"name":"wp","href":"https:\/\/api.w.org\/{rel}","templated":true}]}}