{"id":728,"date":"2014-09-10T22:13:11","date_gmt":"2014-09-10T20:13:11","guid":{"rendered":"http:\/\/tibetanmedicalinstitute.com\/?page_id=728"},"modified":"2015-01-11T19:34:14","modified_gmt":"2015-01-11T18:34:14","slug":"wydarzenia","status":"publish","type":"page","link":"https:\/\/tibetanmedicalinstitute.com\/pl\/wydarzenia\/","title":{"rendered":"Wydarzenia"},"content":{"rendered":"<div class=\"row-fluid\">\n\t<div class=\"wpb_content_element span6 wpb_text_column\">\n\t\t<div class=\"wpb_wrapper clearfix\">\n\t\t\t\n<p>Wyk\u0142ad dra Ven. Tenzina Jangchuba ju\u017c wkr\u00f3tce w Krakowie<br \/>\nJu\u017c nied\u0142ugo wi\u0119cej informacji&#8230;<\/p>\n\n\t\t<\/div> \n\t<\/div>  \n\t<div class=\"wpb_content_element wpb_single_image noframe span4\">\n\t\t<div class=\"wpb_wrapper\"><figure class=\"lightbox clearfix\">\n\t\t\t<a class=\"view\" href=\"https:\/\/tibetanmedicalinstitute.com\/wp-content\/uploads\/2014\/09\/BasicHumanValues-729x1024.jpg\"><div class=\"overlay\"><div class=\"thumb-info\"><i class=\"icon-search\"><\/i><\/div><\/div><img loading=\"lazy\" decoding=\"async\" width=\"869\" height=\"1220\" src=\"https:\/\/tibetanmedicalinstitute.com\/wp-content\/uploads\/2014\/09\/BasicHumanValues.jpg\" class=\"attachment-full size-full\" alt=\"\" srcset=\"https:\/\/tibetanmedicalinstitute.com\/wp-content\/uploads\/2014\/09\/BasicHumanValues.jpg 869w, https:\/\/tibetanmedicalinstitute.com\/wp-content\/uploads\/2014\/09\/BasicHumanValues-214x300.jpg 214w, https:\/\/tibetanmedicalinstitute.com\/wp-content\/uploads\/2014\/09\/BasicHumanValues-729x1024.jpg 729w, https:\/\/tibetanmedicalinstitute.com\/wp-content\/uploads\/2014\/09\/BasicHumanValues-640x899.jpg 640w\" sizes=\"auto, (max-width: 869px) 100vw, 869px\" \/><\/a><\/figure>\n\t\t<\/div> \n\t<\/div> <\/div> <div class=\"row-fluid\">\n\t<div class=\"wpb_video_widget wpb_content_element span12\">\n\t\t<div class=\"wpb_wrapper\">\n\t\t\t<h3 class=\"wpb_heading wpb_video_heading\">Wyk\u0142ad w Krakowie 2015<\/h3><iframe loading=\"lazy\" src=\"https:\/\/player.vimeo.com\/video\/116098073\" width=\"500\" height=\"281\" frameborder=\"0\" title=\"BASIC HUMAN VALUES - Healthy Body, Healthy Mind\" webkitallowfullscreen mozallowfullscreen allowfullscreen><\/iframe>\n\t\t<\/div> \n\t<\/div> <\/div>\n","protected":false},"excerpt":{"rendered":"","protected":false},"author":1,"featured_media":0,"parent":0,"menu_order":0,"comment_status":"open","ping_status":"open","template":"","meta":{"footnotes":""},"class_list":["post-728","page","type-page","status-publish","hentry"],"aioseo_notices":[],"_links":{"self":[{"href":"https:\/\/tibetanmedicalinstitute.com\/pl\/wp-json\/wp\/v2\/pages\/728","targetHints":{"allow":["GET"]}}],"collection":[{"href":"https:\/\/tibetanmedicalinstitute.com\/pl\/wp-json\/wp\/v2\/pages"}],"about":[{"href":"https:\/\/tibetanmedicalinstitute.com\/pl\/wp-json\/wp\/v2\/types\/page"}],"author":[{"embeddable":true,"href":"https:\/\/tibetanmedicalinstitute.com\/pl\/wp-json\/wp\/v2\/users\/1"}],"replies":[{"embeddable":true,"href":"https:\/\/tibetanmedicalinstitute.com\/pl\/wp-json\/wp\/v2\/comments?post=728"}],"version-history":[{"count":0,"href":"https:\/\/tibetanmedicalinstitute.com\/pl\/wp-json\/wp\/v2\/pages\/728\/revisions"}],"wp:attachment":[{"href":"https:\/\/tibetanmedicalinstitute.com\/pl\/wp-json\/wp\/v2\/media?parent=728"}],"curies":[{"name":"wp","href":"https:\/\/api.w.org\/{rel}","templated":true}]}}