{"id":714,"date":"2014-09-10T22:02:38","date_gmt":"2014-09-10T20:02:38","guid":{"rendered":"http:\/\/tibetanmedicalinstitute.com\/?page_id=714"},"modified":"2015-08-19T16:07:21","modified_gmt":"2015-08-19T14:07:21","slug":"pozytki","status":"publish","type":"page","link":"https:\/\/tibetanmedicalinstitute.com\/pl\/pozytki\/","title":{"rendered":"Korzy\u015bci"},"content":{"rendered":"<div class=\"blank_spacer\" style=\"height:30px;\"><\/div>\n <div class=\"row-fluid\">\n\t<div class=\"wpb_content_element span12 wpb_text_column pb-margin-bottom\">\n\t\t<div class=\"wpb_wrapper clearfix\">\n\t\t\t\n<h2 style=\"text-align: justify;\">KORZY\u015aCI TRADYCYJNEGO TYBETA\u0143SKIEGO SYSTEMU MEDYCZNEGO<\/h2>\n<p style=\"text-align: justify;\">W nowym tysi\u0105cleciu najlepszym sposobem na uzyskanie korzy\u015bci zdrowotnych w d\u0142ugiej perspektywie mo\u017ce by\u0107 korzystanie z tradycyjnego tybeta\u0144skiego systemu medycznego. Ten staro\u017cytny system, kt\u00f3ry przetrwa\u0142 wiele stuleci, wci\u0105\u017c zachowuje sw\u0105 oryginalno\u015b\u0107 z jego akceptacj\u0105 modyfikacji przedstawionych przez wielkich lekarzy i specjalist\u00f3w w oparciu o kliniczne, analityczne i naukowe wyniki, bez rozbie\u017cno\u015bci czy te\u017c zniekszta\u0142cenia oryginalnego tekstu nauk. Suplementy diety, jakie posiada ten system, maj\u0105 bardzo ma\u0142e lub \u017cadne efekty uboczne, gdy\u017c s\u0105 czysto zio\u0142owe. Nasz system jest bardzo skuteczny w og\u00f3lnej opiece zdrowotnej oraz przy ostrych i chronicznych chorobach, gdy\u017c przynosi wiele dobrych i pozytwynych efekt\u00f3w dla pacjent\u00f3w. System ten charakteryzuje si\u0119 przede wszystkim tym, \u017ce leczy naturalne choroby za pomoc\u0105 naturalnych lek\u00f3w i podtrzymuje r\u00f3wnowag\u0119 mi\u0119dzy pi\u0119cioma elementami. To wszystko pod okiem do\u015bwiadczonych i uczonych lekarzy.<\/p>\n<h3 style=\"text-align: justify;\">Moc daru natury od Matki Ziemi w postaci leczniczych ro\u015blin, zi\u00f3\u0142, minera\u0142\u00f3w, owoc\u00f3w itd.<\/h3>\n<p style=\"text-align: justify;\">Jednym z bogactw kultury tybeta\u0144skiej jest wiedza o leczniczych ro\u015blinach, zio\u0142ach, owocach i minera\u0142ach. Tybeta\u0144skie zio\u0142owe suplementy diety, w formie pigu\u0142ek, s\u0105 przygotowywane w tradycyjnych zak\u0142adach farmaceutycznych pod nadzorem specjalist\u00f3w medycyny tybeta\u0144skiej. Wszystkie sk\u0142adniki s\u0105 dobrze znane i pochodz\u0105 z r\u00f3\u017cnych cz\u0119\u015bci leczniczych ro\u015blin i zi\u00f3\u0142 (np. korzenie, li\u015bcie, kwiaty, ga\u0142\u0119zie, nasiona i kora itp.), i minera\u0142\u00f3w. Tradycyjne tybeta\u0144skie zio\u0142owe suplementy diety s\u0105 darem i b\u0142ogos\u0142awie\u0144stwem od Matki Ziemi i Buddy Medycyny.<\/p>\n<h3 style=\"text-align: justify;\">R\u00f3wnowaga pi\u0119ciu element\u00f3w<\/h3>\n<p style=\"text-align: justify;\">Tradycyjny system medycyny tybeta\u0144skiej jest nauk\u0105 i filozofi\u0105 buddyjsk\u0105, kt\u00f3ra stosuje holistyczne podej\u015bcie do opieki zdrowotnej i bierze pod uwag\u0119 pi\u0119\u0107 podstawowych element\u00f3w natury, kt\u00f3ry buduj\u0105 ludzkie cia\u0142o i umys\u0142. S\u0105 to: ziemia, woda, ogie\u0144, wiatr i przestrze\u0144. Celem jest zachowanie r\u00f3wnowagi mi\u0119dzy tymi pi\u0119cioma elementami, aby cia\u0142o i umys\u0142 by\u0142y zdrowe. W tych trudnych czasach ten staro\u017cytny system medyczny wci\u0105\u017c korzysta z tradycyjnych tybeta\u0144skich zio\u0142owych suplement\u00f3w diety i porad dotycz\u0105cych stylu \u017cycia, pozytywnego my\u015blenia, medytacji i \u0107wicze\u0144 fizycznych, aby wyleczy\u0107 cia\u0142o z braku witamin i minera\u0142\u00f3w, przywr\u00f3ci\u0107 utracon\u0105 energi\u0119 i poprawi\u0107 si\u0142\u0119 psychiczn\u0105. Te suplementy nie s\u0105 lekarstwami; s\u0105 to czyste, naturalne mikstury zio\u0142owe, stosowane od wielu stuleci. Zosta\u0142y stworzone, aby pom\u00f3c w przywr\u00f3ceniu cia\u0142u i umys\u0142owi naturalnego stanu r\u00f3wnowagi. S\u0142u\u017c\u0105 do tego, by umo\u017cliwi\u0107 cia\u0142u szybkie wyj\u015bcie ze stanu brak\u00f3w i nier\u00f3wnowagi energetycznej. Suplementy te ponadto reguluj\u0105 normalne funkcje cia\u0142a i emocje. By\u0142y skuteczne przez ponad tysi\u0105c lat i s\u0105 bardzo pomocne i efektywne nawet dzisiaj. Po pierwsze, tradycyjne tybeta\u0144skie zio\u0142owe suplementy diety dzia\u0142aj\u0105, aby zapobiec wszelkim elementom choroby w ciele fizycznym oraz by zapobiec zaburzeniom emocjonalnym. Ponadto, natychmiast wspieraj\u0105 organ, w kt\u00f3rym rozpocz\u0105\u0142 si\u0119 problem. Dodatkowo pomagaj\u0105 przy usuni\u0119ciu g\u0142\u00f3wnego \u017ar\u00f3d\u0142a choroby i nadaj\u0105 si\u0142\u0119 i moc, aby przywr\u00f3ci\u0107 normalne funckcjonowanie organ\u00f3w w codziennym \u017cyciu.<\/p>\n\n\t\t<\/div> \n\t<\/div> <\/div>\n","protected":false},"excerpt":{"rendered":"","protected":false},"author":1,"featured_media":0,"parent":0,"menu_order":0,"comment_status":"open","ping_status":"closed","template":"","meta":{"footnotes":""},"class_list":["post-714","page","type-page","status-publish","hentry"],"aioseo_notices":[],"_links":{"self":[{"href":"https:\/\/tibetanmedicalinstitute.com\/pl\/wp-json\/wp\/v2\/pages\/714","targetHints":{"allow":["GET"]}}],"collection":[{"href":"https:\/\/tibetanmedicalinstitute.com\/pl\/wp-json\/wp\/v2\/pages"}],"about":[{"href":"https:\/\/tibetanmedicalinstitute.com\/pl\/wp-json\/wp\/v2\/types\/page"}],"author":[{"embeddable":true,"href":"https:\/\/tibetanmedicalinstitute.com\/pl\/wp-json\/wp\/v2\/users\/1"}],"replies":[{"embeddable":true,"href":"https:\/\/tibetanmedicalinstitute.com\/pl\/wp-json\/wp\/v2\/comments?post=714"}],"version-history":[{"count":0,"href":"https:\/\/tibetanmedicalinstitute.com\/pl\/wp-json\/wp\/v2\/pages\/714\/revisions"}],"wp:attachment":[{"href":"https:\/\/tibetanmedicalinstitute.com\/pl\/wp-json\/wp\/v2\/media?parent=714"}],"curies":[{"name":"wp","href":"https:\/\/api.w.org\/{rel}","templated":true}]}}