{"id":710,"date":"2014-09-10T22:00:23","date_gmt":"2014-09-10T20:00:23","guid":{"rendered":"http:\/\/tibetanmedicalinstitute.com\/?page_id=710"},"modified":"2014-09-11T09:23:41","modified_gmt":"2014-09-11T07:23:41","slug":"umawianie-wizyty","status":"publish","type":"page","link":"https:\/\/tibetanmedicalinstitute.com\/pl\/umawianie-wizyty\/","title":{"rendered":"Umawianie wizyty"},"content":{"rendered":"<div class=\"blank_spacer\" style=\"height:30px;\"><\/div>\n <div class=\"row-fluid\">\n\t<div class=\"wpb_content_element span8 wpb_text_column pb-margin-bottom\">\n\t\t<div class=\"wpb_wrapper clearfix\">\n\t\t\t\n<h3 style=\"text-align: justify;\">Wizyta u specjalisty \u2013 tradycyjnego lekarza tybeta\u0144skiego<\/h3>\n<h3 style=\"text-align: justify;\"><\/h3>\n<ol style=\"text-align: justify;\">\n<li>Skontaktuj si\u0119 z nasz\u0105 recepcj\u0105, aby um\u00f3wi\u0107 si\u0119 na wizyt\u0119 pod podanym ni\u017cej adresem i potwierd\u017a dat\u0119 i godzin\u0119 konsultacji ze specjalist\u0105.<\/li>\n<li>Wizyty nale\u017cy umawia\u0107 przynajmniej na dzie\u0144 przed konsultacj\u0105.<\/li>\n<li>Zapytaj w recepcji o spos\u00f3b przygotowania do wizyty i o inne formalno\u015bci jakie nale\u017cy spe\u0142ni\u0107 przed pierwsz\u0105 konsultacj\u0105 i ropzocz\u0119ciem zio\u0142owej kuracji.<\/li>\n<li>A oto wa\u017cne wskazania do zastosowania 12 godzin przed konsultacj\u0105 ze specjalist\u0105:\n<ul>\n<li>Dieta: Unikaj przejedzenia, nie spo\u017cywaj alkoholu, mocnej czarnej herbaty, kawy, napoj\u00f3w gazowanych, a tak\u017ce sa\u0142atek i surowych warzyw.<\/li>\n<li>Post\u0119powanie: Unikaj intensywnego wysi\u0142ku fizycznego, braku snu, stosunku seksualnego i nadmiernego m\u00f3wienia. Poniewa\u017c te czynniki wp\u0142ywaj\u0105 na cia\u0142o i energi\u0119 pacjenta, mog\u0105 skutkowa\u0107 b\u0142\u0119dnym odczytaniem pulsu, a w efekcie nieprawid\u0142ow\u0105 diagnoz\u0105 i leczeniem.<\/li>\n<\/ul>\n<\/li>\n<li><strong>Konieczne <\/strong>jest przyj\u015bcie z pr\u00f3bk\u0105 pierwszego porannego moczu w bezbarwnym naczyniu do diagnozy i badania.<\/li>\n<\/ol>\n<p style=\"text-align: justify;\">B\u0119dzie to dla nas przyjemno\u015b\u0107 i zaszczyt m\u00f3c pom\u00f3c Pa\u0144stwu w naszej klinice, w zgodzie z wysokimi standardami tradycyjnego tybeta\u0144skiego systemu medycznego. Dbamy o naszych pacjent\u00f3w i zrobimy co w naszej mocy, by rozwi\u0105za\u0107 Pa\u0144stwa problemy zdrowotne.<\/p>\n\n\t\t<\/div> \n\t<\/div>  \n\t<div class=\"wpb_content_element wpb_single_image noframe span4\">\n\t\t<div class=\"wpb_wrapper\"><figure class=\"clearfix\">\n\t\t\t<img loading=\"lazy\" decoding=\"async\" width=\"500\" height=\"339\" src=\"https:\/\/tibetanmedicalinstitute.com\/wp-content\/uploads\/2014\/06\/appointment.jpg\" class=\"attachment-full size-full\" alt=\"\" srcset=\"https:\/\/tibetanmedicalinstitute.com\/wp-content\/uploads\/2014\/06\/appointment.jpg 500w, https:\/\/tibetanmedicalinstitute.com\/wp-content\/uploads\/2014\/06\/appointment-300x203.jpg 300w, https:\/\/tibetanmedicalinstitute.com\/wp-content\/uploads\/2014\/06\/appointment-220x150.jpg 220w\" sizes=\"auto, (max-width: 500px) 100vw, 500px\" \/><figcaption>Dr. Ven Tenzin Jangchub<br \/>\ngabinet w Warszawie<\/figcaption><\/figure>\n\t\t<\/div> \n\t<\/div> <\/div> <div class=\"blank_spacer\" style=\"height:100px;\"><\/div>\n\n","protected":false},"excerpt":{"rendered":"","protected":false},"author":1,"featured_media":0,"parent":0,"menu_order":0,"comment_status":"open","ping_status":"open","template":"","meta":{"footnotes":""},"class_list":["post-710","page","type-page","status-publish","hentry"],"aioseo_notices":[],"_links":{"self":[{"href":"https:\/\/tibetanmedicalinstitute.com\/pl\/wp-json\/wp\/v2\/pages\/710","targetHints":{"allow":["GET"]}}],"collection":[{"href":"https:\/\/tibetanmedicalinstitute.com\/pl\/wp-json\/wp\/v2\/pages"}],"about":[{"href":"https:\/\/tibetanmedicalinstitute.com\/pl\/wp-json\/wp\/v2\/types\/page"}],"author":[{"embeddable":true,"href":"https:\/\/tibetanmedicalinstitute.com\/pl\/wp-json\/wp\/v2\/users\/1"}],"replies":[{"embeddable":true,"href":"https:\/\/tibetanmedicalinstitute.com\/pl\/wp-json\/wp\/v2\/comments?post=710"}],"version-history":[{"count":0,"href":"https:\/\/tibetanmedicalinstitute.com\/pl\/wp-json\/wp\/v2\/pages\/710\/revisions"}],"wp:attachment":[{"href":"https:\/\/tibetanmedicalinstitute.com\/pl\/wp-json\/wp\/v2\/media?parent=710"}],"curies":[{"name":"wp","href":"https:\/\/api.w.org\/{rel}","templated":true}]}}