{"id":708,"date":"2014-09-10T21:59:49","date_gmt":"2014-09-10T19:59:49","guid":{"rendered":"http:\/\/tibetanmedicalinstitute.com\/?page_id=708"},"modified":"2014-09-11T09:06:21","modified_gmt":"2014-09-11T07:06:21","slug":"cele","status":"publish","type":"page","link":"https:\/\/tibetanmedicalinstitute.com\/pl\/cele\/","title":{"rendered":"Cele"},"content":{"rendered":"<div class=\"blank_spacer\" style=\"height:30px;\"><\/div>\n <div class=\"row-fluid\">\n\t<div class=\"wpb_content_element span12 wpb_text_column pb-margin-bottom\">\n\t\t<div class=\"wpb_wrapper clearfix\">\n\t\t\t\n<h3 style=\"text-align: justify;\">CELE I ZA\u0141O\u017bENIA:<\/h3>\n<p style=\"text-align: justify;\"><strong>\u00a0<\/strong><\/p>\n<ol style=\"text-align: justify;\">\n<li>Zapewni\u0107 opiek\u0119 zdrowotn\u0105 opart\u0105 na tradycyjnym tybeta\u0144skim systemie medycznym.<\/li>\n<li>Zapewni\u0107 szkolenia i programy opieki zdrowotnej co do w\u0142a\u015bciwej diety, filozofii zdrowia i wewn\u0119trznego pokoju, porady co do higieny, zapobiegania chorobom, medytacji Buddy Medycyny, medycyny tybeta\u0144skiej, sztuki \u017cycia, sztuki gotowania oraz otwarto\u015b\u0107 na inicjatywy dotycz\u0105ce zdrowia.<\/li>\n<li>Organizowa\u0107 wystawy i wyst\u0119py prezentuj\u0105ce kultur\u0119 tybeta\u0144sk\u0105, nauk\u0119 i filozofi\u0119 buddyzmu.<\/li>\n<li>Organizowa\u0107 konferencje, seminaria i sympozja z ekspertami tradycji Wschodu i Zachodu, promowa\u0107 dialog ku polepszeniu jako\u015bci opieki zdrowotnej.<\/li>\n<li>Dawa\u0107 praktyczne wskazania i zapewni\u0107 edukacj\u0119 w dziedzinie zdrowego stylu \u017cycia.<\/li>\n<li>Promowa\u0107 tradycyjny tybeta\u0144ski system medyczny, dostarcza\u0107 informacje dotycz\u0105ce metod zapobiegania chorobom, kwestii diety, tradycyjne tybeta\u0144skie zio\u0142owe suplementy diety i kosmetyki tybeta\u0144skie.<\/li>\n<li>Zatrudnia\u0107 wykwalifikowanych i do\u015bwiadczonych konsultant\u00f3w oraz sprowadza\u0107 wysokiej jako\u015bci suplementy diety z autentycznych tybeta\u0144skich aptek.<\/li>\n<li>Bra\u0107 udzia\u0142 w mi\u0119dzynarodowych konferencjach po\u015bwi\u0119conych zdrowiu.<\/li>\n<li>Zapobiega\u0107 chorobom organizuj\u0105c wyk\u0142ady i konferencje.<\/li>\n<li>Organizowa\u0107 nauki buddyjskie, \u015bpiewy modlitewne do Buddy Medycyny i wymiany kulturowe.<\/li>\n<li>Przedstawia\u0107 tradycyjny tybeta\u0144ski system medyczny polskim lekarzom i w\u0142adzom, aby zbudowa\u0107 wi\u0119zy przyja\u017ani i wzajemnego zrozumienia.<\/li>\n<\/ol>\n<p style=\"text-align: justify;\"><strong>Naszym celem jest przedstawi\u0107 Zachodowi staro\u017cytn\u0105 m\u0105dro\u015b\u0107 i wiedz\u0119 tybeta\u0144skiej spu\u015bcizny medycznej. Jej g\u0142\u00f3wnym d\u0105\u017ceniem jest przynoszenie ulgi w chorobach i zaburzeniach emocjonalnych. Dla tych, kt\u00f3rzy chcieliby studiowa\u0107 tradycyjny tybeta\u0144ski system medyczny, pierwsz\u0105 porad\u0105 jest nauczenie si\u0119 j\u0119zyka tybeta\u0144skiego. Zapewni to dost\u0119p do ogromnej literatury, a jego znajomo\u015b\u0107 pog\u0142\u0119bi i przyspieszy proces uczenia si\u0119. Naszym \u017cyczeniem jest wyposa\u017cy\u0107 ludzi Zachodu w wiedz\u0119 o tradycyjnym tybeta\u0144skim systemie medycznym. Serdecznie zapraszamy do naszego Instytutu Tradycyjnej Medycyny Tybeta\u0144skiej.<\/strong><\/p>\n\n\t\t<\/div> \n\t<\/div> <\/div>\n","protected":false},"excerpt":{"rendered":"","protected":false},"author":1,"featured_media":0,"parent":0,"menu_order":0,"comment_status":"open","ping_status":"open","template":"","meta":{"footnotes":""},"class_list":["post-708","page","type-page","status-publish","hentry"],"aioseo_notices":[],"_links":{"self":[{"href":"https:\/\/tibetanmedicalinstitute.com\/pl\/wp-json\/wp\/v2\/pages\/708","targetHints":{"allow":["GET"]}}],"collection":[{"href":"https:\/\/tibetanmedicalinstitute.com\/pl\/wp-json\/wp\/v2\/pages"}],"about":[{"href":"https:\/\/tibetanmedicalinstitute.com\/pl\/wp-json\/wp\/v2\/types\/page"}],"author":[{"embeddable":true,"href":"https:\/\/tibetanmedicalinstitute.com\/pl\/wp-json\/wp\/v2\/users\/1"}],"replies":[{"embeddable":true,"href":"https:\/\/tibetanmedicalinstitute.com\/pl\/wp-json\/wp\/v2\/comments?post=708"}],"version-history":[{"count":0,"href":"https:\/\/tibetanmedicalinstitute.com\/pl\/wp-json\/wp\/v2\/pages\/708\/revisions"}],"wp:attachment":[{"href":"https:\/\/tibetanmedicalinstitute.com\/pl\/wp-json\/wp\/v2\/media?parent=708"}],"curies":[{"name":"wp","href":"https:\/\/api.w.org\/{rel}","templated":true}]}}