{"id":695,"date":"2014-09-10T12:42:02","date_gmt":"2014-09-10T10:42:02","guid":{"rendered":"http:\/\/tibetanmedicalinstitute.com\/?page_id=695"},"modified":"2019-11-18T14:33:49","modified_gmt":"2019-11-18T13:33:49","slug":"strona-glowna","status":"publish","type":"page","link":"https:\/\/tibetanmedicalinstitute.com\/pl\/","title":{"rendered":"Strona g\u0142\u00f3wna"},"content":{"rendered":"<div class=\"blank_spacer\" style=\"height:50px;\"><\/div>\n <div class=\"row-fluid\">\n\t<div class=\"wpb_content_element span12 wpb_text_column pb-margin-bottom pb-border-bottom\">\n\t\t<div class=\"wpb_wrapper clearfix\">\n\t\t\t\n<p>W gabinecie w Warszawie za wizyt\u0119 i suplementy preferowan\u0105 form\u0105 p\u0142atno\u015bci jest karta p\u0142atnicza. Zapraszamy!<\/p>\n\n\t\t<\/div> \n\t<\/div> <\/div> <div class=\"row-fluid\">\n\t<div class=\"wpb_content_element span12 wpb_text_column pb-margin-bottom pb-border-bottom\">\n\t\t<div class=\"wpb_wrapper clearfix\">\n\t\t\t\n<p>&nbsp;<\/p>\n<div class=\"\" data-block=\"true\" data-editor=\"7da3p\" data-offset-key=\"9jj9i-0-0\">\n<div class=\"_1mf _1mj\" data-offset-key=\"9jj9i-0-0\"><span data-offset-key=\"9jj9i-0-0\">Z przyjemno\u015bci\u0105 informujemy o terminach przyj\u0119\u0107 w zdalnych gabinetach.<\/span><\/div>\n<\/div>\n<div class=\"\" data-block=\"true\" data-editor=\"7da3p\" data-offset-key=\"domlk-0-0\">\n<div class=\"_1mf _1mj\" data-offset-key=\"domlk-0-0\"><span data-offset-key=\"domlk-0-0\">\u00a0<\/span><\/div>\n<\/div>\n<div class=\"\" data-block=\"true\" data-editor=\"7da3p\" data-offset-key=\"7kise-0-0\"><\/div>\n<div class=\"\" data-block=\"true\" data-editor=\"7da3p\" data-offset-key=\"1thj3-0-0\">\n<div class=\"_1mf _1mj\" data-offset-key=\"1thj3-0-0\">\n<p>Listopad<\/p>\n<p>Gda\u0144sk (Rejestracja: 48 723 61 61 00)<span class=\"text_exposed_show\"><br \/>\n09-11-2019 i 10-11-2019<\/span><\/p>\n<div class=\"text_exposed_show\">\n<p>Krak\u00f3w (Rejestracja: 48 723 61 61 60)<br \/>\n16-11-2019 i 17-11-2019<\/p>\n<p>Rzesz\u00f3w (Rejestracja: 48 795 309 733)<br \/>\n29-11-2019, 30-11-2019 i 01-12-2019<\/p>\n<p>Dr Jigme Guden<\/p>\n<p><img loading=\"lazy\" decoding=\"async\" class=\"size-medium wp-image-1215 alignleft\" src=\"https:\/\/tibetanmedicalinstitute.com\/wp-content\/uploads\/2019\/11\/PHOTO-2019-11-14-180x300.jpg\" alt=\"\" width=\"180\" height=\"300\" srcset=\"https:\/\/tibetanmedicalinstitute.com\/wp-content\/uploads\/2019\/11\/PHOTO-2019-11-14-180x300.jpg 180w, https:\/\/tibetanmedicalinstitute.com\/wp-content\/uploads\/2019\/11\/PHOTO-2019-11-14-616x1024.jpg 616w, https:\/\/tibetanmedicalinstitute.com\/wp-content\/uploads\/2019\/11\/PHOTO-2019-11-14-640x1064.jpg 640w, https:\/\/tibetanmedicalinstitute.com\/wp-content\/uploads\/2019\/11\/PHOTO-2019-11-14.jpg 720w\" sizes=\"auto, (max-width: 180px) 100vw, 180px\" \/><\/p>\n<\/div>\n<\/div>\n<\/div>\n\n\t\t<\/div> \n\t<\/div> <\/div> <div class=\"row-fluid\">\n\t<div class=\"wpb_content_element span12 wpb_text_column pb-margin-bottom pb-border-bottom\">\n\t\t<div class=\"wpb_wrapper clearfix\">\n\t\t\t\n<p>Instytut wznawia wysy\u0142k\u0119 zi\u00f3\u0142 dla Pacjent\u00f3w, kt\u00f3rzy korzystali z konsultacji lekarza tybeta\u0144skiego od pa\u017adziernika 2018 roku. Wysy\u0142ki b\u0119d\u0105 wysy\u0142ane Poczt\u0105 Polsk\u0105 za pobraniem. Zamawia\u0107 mo\u017cna pod numerem 783 12 13 14 podaj\u0105c numery mieszanek przepisanych podczas wizyty.<\/p>\n\n\t\t<\/div> \n\t<\/div> <\/div> <div class=\"blank_spacer\" style=\"height:50px;\"><\/div>\n <div class=\"row-fluid\">\n\t<div class=\"wpb_content_element span4 wpb_text_column\">\n\t\t<div class=\"wpb_wrapper clearfix\">\n\t\t\t\n<p>&nbsp;<\/p>\n\n\t\t<\/div> \n\t<\/div>  \n\t<div class=\"wpb_content_element wpb_single_image noframe span4\">\n\t\t<div class=\"wpb_wrapper\"><figure class=\"clearfix\">\n\t\t\t<img loading=\"lazy\" decoding=\"async\" width=\"400\" height=\"407\" src=\"https:\/\/tibetanmedicalinstitute.com\/wp-content\/uploads\/2014\/06\/medicine_buddhaweb.jpg\" class=\"attachment-full size-full\" alt=\"\" srcset=\"https:\/\/tibetanmedicalinstitute.com\/wp-content\/uploads\/2014\/06\/medicine_buddhaweb.jpg 400w, https:\/\/tibetanmedicalinstitute.com\/wp-content\/uploads\/2014\/06\/medicine_buddhaweb-294x300.jpg 294w\" sizes=\"auto, (max-width: 400px) 100vw, 400px\" \/><\/figure>\n\t\t<\/div> \n\t<\/div>  \n\t<div class=\"wpb_content_element span4 wpb_text_column\">\n\t\t<div class=\"wpb_wrapper clearfix\">\n\t\t\t\n<p>&nbsp;<\/p>\n\n\t\t<\/div> \n\t<\/div> <\/div> <div class=\"row-fluid\">\n\t<div class=\"wpb_content_element span12 wpb_text_column pb-margin-bottom\">\n\t\t<div class=\"wpb_wrapper clearfix\">\n\t\t\t\n<h1 style=\"text-align: center;\"><strong>DZI\u0118KI KOMU MEDYCYNA TYBETA\u0143SKA JEST WYJ\u0104TKOWA?<\/strong><strong><br \/>\nDZI\u0118KI JEGO \u015aWI\u0104TOBLIWO\u015aCI WIELKIEMU CZTERNASTEMU DALAJLAMIE<\/strong><\/h1>\n\n\t\t<\/div> \n\t<\/div> <\/div> <div class=\"row-fluid\">\n\t<div class=\"wpb_content_element wpb_single_image noframe span12\">\n\t\t<div class=\"wpb_wrapper\"><figure class=\"clearfix\">\n\t\t\t<img loading=\"lazy\" decoding=\"async\" width=\"1000\" height=\"118\" src=\"https:\/\/tibetanmedicalinstitute.com\/wp-content\/uploads\/2014\/06\/auspicious-sign.jpg\" class=\"attachment-full size-full\" alt=\"\" srcset=\"https:\/\/tibetanmedicalinstitute.com\/wp-content\/uploads\/2014\/06\/auspicious-sign.jpg 1000w, https:\/\/tibetanmedicalinstitute.com\/wp-content\/uploads\/2014\/06\/auspicious-sign-300x35.jpg 300w, https:\/\/tibetanmedicalinstitute.com\/wp-content\/uploads\/2014\/06\/auspicious-sign-640x75.jpg 640w\" sizes=\"auto, (max-width: 1000px) 100vw, 1000px\" \/><\/figure>\n\t\t<\/div> \n\t<\/div> <\/div> <div class=\"blank_spacer\" style=\"height:50px;\"><\/div>\n <div class=\"row-fluid\">\n\t<div class=\"wpb_content_element span12 wpb_text_column pb-margin-bottom\">\n\t\t<div class=\"wpb_wrapper clearfix\">\n\t\t\t\n<h3 style=\"text-align: justify;\"><strong>Dzia\u0142alno\u015b\u0107 Instytutu Tradycyjnej Medycyny Tybeta\u0144skiej dedykowana jest naszemu tybeta\u0144skiemu przyw\u00f3dcy, Jego \u015awi\u0105tobliwo\u015bci Dalajlamie, kt\u00f3ry w 1989 roku zosta\u0142 uhonorowany Pokojow\u0105 Nagrod\u0105 Nobla w uznaniu Jego wizjonerskiego przyw\u00f3dztwa oraz oddania dla Tybetu i dla \u015bwiata. Jego \u015awi\u0105tobliwo\u015b\u0107 pracuje niestrudzenie dla narodu tybeta\u0144skiego, przemierzaj\u0105c \u015bwiat, by m\u00f3wi\u0107 o trzech najwa\u017cniejszych zobowi\u0105zaniach: promowaniu podstawowych warto\u015bci ludzkich czyli \u015bwieckiej etyki, kt\u00f3rej celem jest szcz\u0119\u015bcie cz\u0142owieka, wspieraniu dialogu mi\u0119dzyreligijnego i ocaleniu kultury pokoju i niestosowania przemocy, charakterystycznej dla buddyzmu tybeta\u0144skiego. <strong>Tematy te znajdujemy w buddyjskiej nauce i filozofii. <\/strong><\/strong><\/h3>\n<p>&nbsp;<\/p>\n<h3 style=\"padding-left: 30px;\"><em>Jego \u015awi\u0105tobliwo\u015b\u0107 jest jednym w wielkich \u015bwiatowych przyw\u00f3dc\u00f3w naszych czas\u00f3w, niezachwianym autorytetem moralnym, kochanym i szanowanym przez ludzi wszelkiego pokroju, w tym g\u0142owy pa\u0144stw, przyw\u00f3dc\u00f3w religijnych, laureat\u00f3w Nagrody Nobla, naukowc\u00f3w, badaczy, filozof\u00f3w i zwyczajnych ludzi dobrej woli. <\/em><\/h3>\n<p>&nbsp;<\/p>\n<h3 style=\"text-align: justify; line-height: 15.0pt; background: white; vertical-align: baseline; margin: 0cm 0cm 8.65pt 0cm;\"><span lang=\"PL\" style=\"font-size: 11.5pt; font-family: 'Palatino Linotype'; color: #440200; font-weight: normal;\">Wp\u0142yw i oddzia\u0142ywanie Jego \u015awi\u0105tobliwo\u015bci na ludzko\u015b\u0107 s\u0105 ogromne, a On nie ustaje w inspirowaniu i edukowaniu. <\/span><\/h3>\n<p>&nbsp;<\/p>\n<p>&nbsp;<\/p>\n<h3 style=\"text-align: justify;\"><\/h3>\n<h2 style=\"text-align: center;\"><img loading=\"lazy\" decoding=\"async\" class=\"aligncenter size-full wp-image-688\" src=\"http:\/\/tibetanmedicalinstitute.com\/wp-content\/uploads\/2014\/06\/divider3.jpg\" alt=\"divider\" width=\"1000\" height=\"100\" srcset=\"https:\/\/tibetanmedicalinstitute.com\/wp-content\/uploads\/2014\/06\/divider3.jpg 1000w, https:\/\/tibetanmedicalinstitute.com\/wp-content\/uploads\/2014\/06\/divider3-300x30.jpg 300w, https:\/\/tibetanmedicalinstitute.com\/wp-content\/uploads\/2014\/06\/divider3-640x64.jpg 640w\" sizes=\"auto, (max-width: 1000px) 100vw, 1000px\" \/><\/h2>\n<h2 style=\"text-align: center;\"><\/h2>\n<p>&nbsp;<\/p>\n<h2 style=\"text-align: center;\"><strong>O\u015bwiadczenie Instytutu Tradycyjnej Medycyny Tybeta\u0144skiej Sp. z o.o.<\/strong><\/h2>\n<p>&nbsp;<\/p>\n<h3>Z okazji dziesi\u0105tej rocznicy otwarcia Profesjonalnego Instytutu Medycyny Tybeta\u0144skiej w Polsce za pozwoleniem i z b\u0142ogos\u0142awie\u0144stwem Jego \u015awi\u0105tobliwo\u015bci Dalajlamy.<\/h3>\n<p>&nbsp;<\/p>\n<p>System tradycyjnej medycyny tybeta\u0144skiej (STMT), jedna z pi\u0119ciu g\u0142\u00f3wnych ga\u0142\u0119zi studi\u00f3w w Tybecie, to stara tradycja z d\u0142ug\u0105 histori\u0105. Nawet dzisiaj ten tradycyjny sytem medyczny przynosi po\u017cytek wielkiej liczbie ludzi.<\/p>\n<p>Jego \u015awi\u0105tobliwo\u015b\u0107 Dalajlama \u017cyczliwie obdarzy\u0142 STMT silnym wsparciem, gdy\u017c ten tradycyjny system medyczny odgrywa wa\u017cn\u0105 rol\u0119 w o\u017cywianiu tybeta\u0144skiej tradycji opieki zdrowotnej, znanej jako So\u0142a Rigpa (\u2018nauka o leczeniu\u2019). Jej wiedza, umiej\u0119tno\u015bci, metody i praktyki oparte s\u0105 na tybeta\u0144skich podr\u0119cznikach i teoriach medycznych, pracy i do\u015bwiadczeniach, przyczynach i warunkach, skutkach i rezultatach. Stosowana jest dla w\u0142a\u015bciwego utrzymania dobrego zdrowia przez edukacj\u0119, odpowiedni\u0105 diet\u0119, post\u0119powanie i trosk\u0119 o pacjent\u00f3w. Obejmuje tak\u017ce zapobieganie, diagnostyk\u0119, rekonwalescencj\u0119 i leczenie chor\u00f3b fizycznych i psychicznych.<\/p>\n<p>Wi\u0119kszo\u015b\u0107 sk\u0142adnik\u00f3w, z kt\u00f3rych korzysta tybeta\u0144ska farmakopea, to naturalne zio\u0142a, owoce, kwiaty, nasiona, ro\u015bliny i minera\u0142y lecznicze. Wiedza o identyfikowaniu i u\u017cytkowaniu tych zi\u00f3\u0142 jest przekazywana przez do\u015bwiadczonych nauczycieli medycyny i lekarzy tybeta\u0144skich w trakcie praktycznego szkolenia. Niemniej jednak dzi\u015b coraz trudniejsza jest prawid\u0142owa identyfikacja i zdobywanie odpowiednich zi\u00f3\u0142. Coraz wi\u0119cej ludzi wykazuje du\u017ce zainteresowanie nimi. Jednocze\u015bnie Unia Europejska (UE) tworzy zasady nak\u0142adaj\u0105ce du\u017ce obostrzenia na u\u017cywanie tych naturalnych zi\u00f3\u0142.<\/p>\n<p>Wielkie wsp\u00f3\u0142czucie i czysta m\u0105dro\u015b\u0107 Jego \u015awi\u0105tobliwo\u015bci Dalajlamy wnosz\u0105 wielki wk\u0142ad do zachodniego \u015bwiata przez propagowanie \u015bwiadomo\u015bci i zrozumienia STMT. Stanowi on bardzo wa\u017cn\u0105 ga\u0142\u0105\u017a \u015bwiatowego systemu opieki zdrowotnej. Ma on wielkie znaczenie dla przetrwania narodu tybeta\u0144skiego i zachowanie oraz promocj\u0119 jego niezwyk\u0142ej to\u017csamo\u015bci.<\/p>\n<p>STMT to spu\u015bcizna Jego \u015awi\u0105tobliwo\u015bci Dalajlamy, kt\u00f3ry wni\u00f3s\u0142 znacz\u0105cy wk\u0142ad w medycyn\u0119 tybeta\u0144sk\u0105 i otoczy\u0142 j\u0105 ochron\u0105. Dzi\u0119ki Jego \u017cyczliwo\u015bci i pe\u0142nej wsp\u00f3\u0142czucia opiece, Rz\u0105d Polski i lokalne w\u0142adze przyj\u0119\u0142y i zaakceptowa\u0142y zainteresowania i pro\u015bby ludzi. Prawo i regulacje Unii Europejskiej uznaj\u0105 europejski system medyczny i tradycyjny system medyczny, ale maj\u0105 one r\u00f3\u017cne parametry stosowania. Zgodnie z prawem i regulacjami Unii Europejskiej praktyka tradycyjnej medycyny tybeta\u0144skiej wymaga uzyskania certyfikat\u00f3w zgodnych z odpowiednimi standardami i warto\u015bciami.<\/p>\n<p>Jego \u015awi\u0105tobliwo\u015b\u0107 Dalajlama da\u0142 nam wizj\u0119 i moc wp\u0142ywania na przysz\u0142o\u015b\u0107. Dlatego Instytut Tradycyjnej Medycyny Tybeta\u0144skiej Sp. z o.o. wspierany jest przez determinacj\u0119 ludzi. Wi\u0105\u017ce si\u0119 ona bezpo\u015brednio z zainteresowaniem kwestiami zdrowia oraz si\u0142y ludzkiego umys\u0142u i emocji. Ka\u017cdy z nas wnosi unikaln\u0105 perspektyw\u0119 i nieoceniony wk\u0142ad do wa\u017cnego zadania zachowania i promowania STMT.<\/p>\n<p>&nbsp;<\/p>\n<h3><strong>Istota podkre\u015blania r\u00f3wno\u015bci wszystkich ludzi jako cz\u0119\u015bci ludzko\u015bci<\/strong><\/h3>\n<p>Przysz\u0142o\u015b\u0107 ka\u017cdego lekarza ca\u0142kowicie zale\u017cy od reszty ludzko\u015bci. Wi\u0119c w naszym w\u0142asnym interesie le\u017cy, aby powa\u017cnie podchodzi\u0107 do opieki nad pacjentem.<\/p>\n<p>Ka\u017cdy pragnie szcz\u0119\u015bliwego \u017cycia, nikt nie chce cierpie\u0107 i ka\u017cdy ma prawo, aby to osi\u0105gn\u0105\u0107. Nie ma znaczenia czy jeste\u015bmy lud\u017ami wierz\u0105cymi czy te\u017c nie. Niezale\u017cnie od tego z jakiego wywodzimy si\u0119 \u015brodowiska \u2013 biedak\u00f3w czy bogaczy, ludzi wykszta\u0142conych czy niewykszta\u0142conych, rodziny kr\u00f3lewskiej czy \u017cebrak\u00f3w, wszyscy mamy prawo by\u0107 szcz\u0119\u015bliwi. Lekarz tybeta\u0144ski czy lekarz medycyny zchodniej \u2013 wszyscy jeste\u015bmy lud\u017ami na tym poziomie. Wszyscy mamy te same prawa.<\/p>\n<p>Przy licznych problemach jakim my, jako ludzko\u015b\u0107, musimy stawi\u0107 czo\u0142a, k\u0142adziemy zbyt wielki nacisk na r\u00f3\u017cnice na poziomie drugorz\u0119dnym. Je\u015bli zmienimy postrzeganie i b\u0119dziemy my\u015ble\u0107 pozytywnie na podstawowym poziomie, \u017ce wszyscy jeste\u015bmy bra\u0107mi i siostrami, takimi samymi lud\u017ami, w\u00f3wczas nie b\u0119dzie miejsca na nienawi\u015b\u0107, wzajemne oszukiwanie si\u0119 lub patrzenie na siebie z pogard\u0105. Wszyscy jeste\u015bmy tacy sami. A wi\u0119c naprawd\u0119 i jasno musimy zda\u0107 sobie spraw\u0119, \u017ce wszyscy jeste\u015bmy r\u00f3wni.<\/p>\n<p>Przysz\u0142a szcz\u0119\u015bliwa ludzko\u015b\u0107 jest w interesie ka\u017cdego cz\u0142owieka i r\u00f3wnie\u017c jest odpowiedzialno\u015bci\u0105 ka\u017cdego. Niezale\u017cnie od tego jak wiele wybudujemy wspania\u0142ych szpitali i klinik, instytut\u00f3w czy o\u015brodk\u00f3w, to zawsze b\u0119dzie istnia\u0142a potrzeba dodatkowego wparcia i udogodnie\u0144.<\/p>\n<p>STMT czyli <em>So\u0142a Rigpa<\/em> (\u2018nauka o leczeniu\u2019) jest praktykowany w Azji, gdzie w tej konkretnej dziedzinie poczynili\u015bmy do\u015b\u0107 du\u017cy post\u0119p. Pod przewodnictwem i z b\u0142ogos\u0142awie\u0144stwem Jego \u015awi\u0105tobliwo\u015bci Dalajlamy nasz instytut zdo\u0142a\u0142 uzyska\u0107 wszystkie dokumenty prawne i upowa\u017cnienia, by zosta\u0107 otwartym i dzia\u0142a\u0107 z sukcesem.<\/p>\n<p>Dzi\u0119ki wolno\u015b\u0107i ekspresji i na mocy prawa i regulacji Unii Europejskiej, uzyska\u0142em europejskie obywatelstwo. Dzi\u0119ki temu my, tybeta\u0144scy obywatele UE i praktykuj\u0105cy medycyn\u0119 tybeta\u0144sk\u0105 mo\u017cemy spe\u0142ni\u0107 pragnienia Jego \u015awi\u0105tobliwo\u015bci Dalajlamy.<\/p>\n<p>Jego \u015awi\u0105tobliwo\u015b\u0107 Dalajlama jest bardzo zainteresowany bliskim zwi\u0105zkiem tradycyjnych wchodnich system\u00f3w medycznych i zachodnich system\u00f3w leczenia.<\/p>\n<p>Ostatecznym celem lekarza tybeta\u0144skiego jako istoty ludzkiej jest niestrudzona praca, by zapewni\u0107 opart\u0105 na wsp\u00f3\u0142czuciu opiek\u0119 i leczenie, i budowanie w ten spos\u00f3b na bazie tradycji lepszej troski i lepszych rezultat\u00f3w szcz\u0119\u015bliwszego spo\u0142ecze\u0144stwa i ja\u015bniejszej przysz\u0142o\u015bci.<\/p>\n<p>Obecnie istnieje mo\u017cliwo\u015b\u0107 prawdziwego dialogu i m\u0105drej wymiany medycznych i klinicznych do\u015bwiadcze\u0144 mi\u0119dzy tradycjami Wschodu i Zachodu dla po\u017cytku \u015bwiata i dla pacjent\u00f3w, a tak\u017ce nas samych.<\/p>\n<p>Tak wi\u0119c powinni\u015bmy u\u017cy\u0107 naszej ludzkiej inteligencji, m\u0105dro\u015bci i w\u0142a\u015bciwej motywacji, aby zdoby\u0107 wykszta\u0142cenie medyczne, by wspomaga\u0107 opiek\u0119 nad pacjentami, co wi\u0105\u017ce si\u0119 z najlepszym sposobem, by szanowa\u0107 siebie nawzajem rozwijaj\u0105c wzajemne zrozumienie. Pomo\u017ce to w usuni\u0119ciu nieporozumie\u0144, braku zaufania i pomy\u0142ek. A to z kolei doprowadzi do uzyskania najlepszych rozwi\u0105za\u0144. Odwied\u017a nasz instytut. Mo\u017cemy wymienia\u0107 si\u0119 do\u015bwiadczeniami w r\u00f3\u017cnych dziedzinach leczenia i dzieli\u0107 wiedz\u0105 i m\u0105dro\u015bci\u0105.<\/p>\n<p style=\"text-align: justify;\">Aby uzyska\u0107 wi\u0119cej informacji, odwied\u017a:<\/p>\n<p style=\"text-align: justify;\"><a title=\"Tibetan Medical and Astro Institute webpage\" href=\"http:\/\/www.men-tsee-khang.org\" target=\"_blank\" rel=\"noopener noreferrer\">Tibetan Medical and Astro Institute<br \/>\n<\/a><a title=\"Mind and Life Institute webpage\" href=\"http:\/\/www.mindandlife.org\" target=\"_blank\" rel=\"noopener noreferrer\">Mind and Life Institute<\/a><\/p>\n\n\t\t<\/div> \n\t<\/div> <\/div>\n","protected":false},"excerpt":{"rendered":"","protected":false},"author":1,"featured_media":0,"parent":0,"menu_order":0,"comment_status":"open","ping_status":"open","template":"","meta":{"footnotes":""},"class_list":["post-695","page","type-page","status-publish","hentry"],"aioseo_notices":[],"_links":{"self":[{"href":"https:\/\/tibetanmedicalinstitute.com\/pl\/wp-json\/wp\/v2\/pages\/695","targetHints":{"allow":["GET"]}}],"collection":[{"href":"https:\/\/tibetanmedicalinstitute.com\/pl\/wp-json\/wp\/v2\/pages"}],"about":[{"href":"https:\/\/tibetanmedicalinstitute.com\/pl\/wp-json\/wp\/v2\/types\/page"}],"author":[{"embeddable":true,"href":"https:\/\/tibetanmedicalinstitute.com\/pl\/wp-json\/wp\/v2\/users\/1"}],"replies":[{"embeddable":true,"href":"https:\/\/tibetanmedicalinstitute.com\/pl\/wp-json\/wp\/v2\/comments?post=695"}],"version-history":[{"count":5,"href":"https:\/\/tibetanmedicalinstitute.com\/pl\/wp-json\/wp\/v2\/pages\/695\/revisions"}],"predecessor-version":[{"id":1217,"href":"https:\/\/tibetanmedicalinstitute.com\/pl\/wp-json\/wp\/v2\/pages\/695\/revisions\/1217"}],"wp:attachment":[{"href":"https:\/\/tibetanmedicalinstitute.com\/pl\/wp-json\/wp\/v2\/media?parent=695"}],"curies":[{"name":"wp","href":"https:\/\/api.w.org\/{rel}","templated":true}]}}